{"id":238,"date":"2017-01-03T19:57:13","date_gmt":"2017-01-03T19:57:13","guid":{"rendered":"https:\/\/fluentthemes.com\/wp\/depilex\/?page_id=238"},"modified":"2022-05-12T15:36:55","modified_gmt":"2022-05-12T13:36:55","slug":"about-us-spa","status":"publish","type":"page","link":"https:\/\/reflexologie-keller.fr\/?page_id=238","title":{"rendered":"Qui suis-je"},"content":{"rendered":"<p>[vc_row full_width=\u00a0\u00bbstretch_row_content_no_spaces\u00a0\u00bb][vc_column][\/vc_column][\/vc_row][vc_row][vc_column]<section id=\"about-us-spa\" class=\"section-padding\">\n    <div class=\"container\">\n\t\n      <!-- End title-section -->\n      \n      <div class=\"row \">\n        <div class=\"col-xs-12 col-md-6\">\n\t\t\t\t\t\t\t<!-- box -->\n\t\t\t\t\t\t\t<div class=\"about-spa\">\n\t\t\t\t\t\t\t\t<h4>Ecole de R\u00e9flexologie et de Vecteurs Energ\u00e9tiques<\/h4>\n\t\t\t\t\t\t\t\t<p>J\u2019ai int\u00e9grer l\u2019Ecole ERVE (Ecole de R\u00e9flexologie et de Vecteurs Energ\u00e9tiques) il y a 2 ans, \u00e0 l\u2019issue desquelles j\u2019ai obtenu mon dipl\u00f4me.<\/p>\n\t\t\t\t\t\t\t<\/div>\n\t\t\t\t\t\t\t<!-- box -->\n\t\t\t\t\t\t\t<div class=\"about-spa\">\n\t\t\t\t\t\t\t\t<h4>Changement d&#039;orientation professionnelle<\/h4>\n\t\t\t\t\t\t\t\t<p>Apr\u00e8s 25 ans dans le commerce et la vente, j\u2019ai d\u00e9cid\u00e9 de changer d\u2019orientation professionnelle.<\/p>\n\t\t\t\t\t\t\t<\/div>\n\t\t\t\t\t\t\t<!-- box -->\n\t\t\t\t\t\t\t<div class=\"about-spa\">\n\t\t\t\t\t\t\t\t<h4>Changement de vie radical<\/h4>\n\t\t\t\t\t\t\t\t<p>C\u2019est \u00e0 ce moment la que j\u2019ai aspir\u00e9 \u00e0 un changement de vie radical, une vie plus simple, plus naturelle, une vie tourn\u00e9e vers les autres et vers le soin.<\/p>\n\t\t\t\t\t\t\t<\/div>\n\t\t\t\t\t\t\t\n\t\t\t\t\t\t<\/div>\n        <!-- end col-md-6 -->\n        \n      <div class=\"col-xs-12 col-sm-6 col-md-3 about-img\">\n                                <a class=\"tt-lightbox\" href=\"javascript:void(0)\"><img width=\"1920\" height=\"2560\" src=\"https:\/\/reflexologie-keller.fr\/wp-content\/uploads\/2022\/05\/IMG_20220506_144433-scaled.jpg\" class=\"img-responsive attachment-full\" alt=\"\" loading=\"lazy\" srcset=\"https:\/\/reflexologie-keller.fr\/wp-content\/uploads\/2022\/05\/IMG_20220506_144433-scaled.jpg 1920w, https:\/\/reflexologie-keller.fr\/wp-content\/uploads\/2022\/05\/IMG_20220506_144433-225x300.jpg 225w, https:\/\/reflexologie-keller.fr\/wp-content\/uploads\/2022\/05\/IMG_20220506_144433-768x1024.jpg 768w, https:\/\/reflexologie-keller.fr\/wp-content\/uploads\/2022\/05\/IMG_20220506_144433-1152x1536.jpg 1152w, https:\/\/reflexologie-keller.fr\/wp-content\/uploads\/2022\/05\/IMG_20220506_144433-1536x2048.jpg 1536w\" sizes=\"(max-width: 1920px) 100vw, 1920px\" \/><\/a>\n\t\t<\/div>\n\t\t\n\t\t\n                       \n        <!-- end col-md-6 --> \n        \n      <\/div>\n      <!-- end row --> \n    <\/div>\n    <!-- end container --> \n  <\/section>[\/vc_column][\/vc_row][vc_row full_width=\u00a0\u00bbstretch_row_content_no_spaces\u00a0\u00bb][vc_column]<section data-stellar-background-ratio=\"0\" style=\"background: rgba(0, 0, 0, 0) url(https:\/\/reflexologie-keller.fr\/wp-content\/uploads\/2017\/01\/parallex-2-1.jpg) repeat scroll center top \/ cover ;\" class=\"testimonial-bg parallex section-padding-80 text-center\">\n    <div class=\"container\">\n      <div class=\"col-md-8 col-md-offset-2\">\n        <div class=\"carousel slide\" id=\"fade-quote-carousel\" data-ride=\"carousel\" data-interval=\"3000\"> \n          <ol class=\"carousel-indicators\"><li data-target=\"#fade-quote-carousel\" class=\"active\" data-slide-to=\"0\"><\/li><li data-target=\"#fade-quote-carousel\"  data-slide-to=\"1\"><\/li>\t<\/ol><div class=\"carousel-inner\"><div class=\"item active\">\n\t\t\t\t  <div class=\"profile-circle\"> <img src=\"\" alt=\"\" class=\"img-circle\"> <\/div>\n\t\t\t\t  <blockquote>\n\t\t\t\t\t<p>J'ai ador\u00e9 la reflexologie plantaire de Madame Keller.<br \/>\nTr\u00e8s b\u00e9n\u00e9fique et un r\u00e9sultat impressionant<br \/>\nUn grand merci ! ! !<\/p>\n<p>Jean Vaillant<\/p>\n\t\t\t\t  <\/blockquote>\n            <\/div><div class=\"item \">\n\t\t\t\t  <div class=\"profile-circle\"> <img src=\"\" alt=\"\" class=\"img-circle\"> <\/div>\n\t\t\t\t  <blockquote>\n\t\t\t\t\t<p><\/p>\n\t\t\t\t  <\/blockquote>\n            <\/div><\/div>\n\t\t<\/div>\n      <\/div>\n      <!-- end row --> \n    <\/div>\n    <!-- end container --> \n  <\/section>[\/vc_column][\/vc_row]<\/p>\n","protected":false},"excerpt":{"rendered":"<p>[vc_row full_width=\u00a0\u00bbstretch_row_content_no_spaces\u00a0\u00bb][vc_column][\/vc_column][\/vc_row][vc_row][vc_column][\/vc_column][\/vc_row][vc_row full_width=\u00a0\u00bbstretch_row_content_no_spaces\u00a0\u00bb][vc_column][\/vc_column][\/vc_row]<\/p>\n","protected":false},"author":2,"featured_media":0,"parent":0,"menu_order":0,"comment_status":"closed","ping_status":"closed","template":"page-vc.php","meta":{"_mi_skip_tracking":false},"_links":{"self":[{"href":"https:\/\/reflexologie-keller.fr\/index.php?rest_route=\/wp\/v2\/pages\/238"}],"collection":[{"href":"https:\/\/reflexologie-keller.fr\/index.php?rest_route=\/wp\/v2\/pages"}],"about":[{"href":"https:\/\/reflexologie-keller.fr\/index.php?rest_route=\/wp\/v2\/types\/page"}],"author":[{"embeddable":true,"href":"https:\/\/reflexologie-keller.fr\/index.php?rest_route=\/wp\/v2\/users\/2"}],"replies":[{"embeddable":true,"href":"https:\/\/reflexologie-keller.fr\/index.php?rest_route=%2Fwp%2Fv2%2Fcomments&post=238"}],"version-history":[{"count":10,"href":"https:\/\/reflexologie-keller.fr\/index.php?rest_route=\/wp\/v2\/pages\/238\/revisions"}],"predecessor-version":[{"id":539,"href":"https:\/\/reflexologie-keller.fr\/index.php?rest_route=\/wp\/v2\/pages\/238\/revisions\/539"}],"wp:attachment":[{"href":"https:\/\/reflexologie-keller.fr\/index.php?rest_route=%2Fwp%2Fv2%2Fmedia&parent=238"}],"curies":[{"name":"wp","href":"https:\/\/api.w.org\/{rel}","templated":true}]}}