{"id":215,"date":"2017-01-03T19:38:36","date_gmt":"2017-01-03T19:38:36","guid":{"rendered":"https:\/\/fluentthemes.com\/wp\/depilex\/?page_id=215"},"modified":"2022-05-12T10:30:43","modified_gmt":"2022-05-12T08:30:43","slug":"services-spa","status":"publish","type":"page","link":"https:\/\/reflexologie-keller.fr\/?page_id=215","title":{"rendered":"La r\u00e9flexologie"},"content":{"rendered":"<p>[vc_row full_width=\u00a0\u00bbstretch_row_content_no_spaces\u00a0\u00bb][vc_column][\/vc_column][\/vc_row][vc_row][vc_column]<section class=\"padding-top-120\">\n    <div class=\"container\">\n\t\n      <div class=\"section-title\"> <strong>Les origines de la r\u00e9flexologie plantaire<\/strong>\n        <h1 class=\"heading bold\"><\/h1>\n        <hr>\n        <p><\/p>\n      <\/div>\n\t  \n      <div class=\"row\">\n        <div class=\"col-md-12\">\n            <div class=\"row\">\n            <div class=\"services-area padding-top-30\">\n\t\t\t\n        <div class=\"col-md-4 col-sm-6 col-xs-12 without-padding\">\n\t\t              \n                <div class=\"services-left\">\n                  <ul class=\"services-list\">\n                    <!-- feature -->\n                    <li>\n                      <div class=\"left-box\">\n                      \n\t\t\t\t\t<a class=\"iconbox\" href=\"#\"><i class=\"flaticon-spa\"><\/i><\/a>\n\t\t\t\t\n                        <div class=\"services-content\">\n                          <h4>Chine ancienne<\/h4>\n                          <p>Les Chinois ont toujours accord\u00e9s aux pieds une place importante dans le corps humain.<\/p>\n                        <\/div>\n                        <!-- end services-content --> \n                      <\/div>\n                      <!-- end left-box --> \n                    <\/li>\n                    \n                    <!-- feature -->\n                    <li>\n                      <div class=\"left-box\">\n                       \n\t\t\t\t\t<a class=\"iconbox\" href=\"#\"><i class=\"flaticon-spa\"><\/i><\/a>\n\t\t\t\t\n                        <div class=\"services-content\">\n                          <h4>Civilisation \u00e9gyptienne<\/h4>\n                          <p>L'Egypte a pratiqu\u00e9 cette m\u00e9decine traditionnelle ainsi qu\u2019en Inde et en Am\u00e9rique du Nord<\/p>\n                        <\/div>\n                        <!-- end services-content --> \n                      <\/div>\n                      <!-- end left-box --> \n                    <\/li>\n                    \n                    <!-- feature -->\n\t\t\t\t\t\n                    <li>\n                      <div  class=\"left-box\">\n                       \n\t\t\t\t\t<a class=\"iconbox\" href=\"#\"><i class=\"flaticon-spa\"><\/i><\/a>\n\t\t\t\t\n                        <div class=\"services-content\">\n                          <h4>Occident<\/h4>\n                          <p>il faudra attendre 1913 pour que le Docteur William Fitzgerald d\u00e9couvre que la pression de certains points du pied a des r\u00e9percussions sur des zones pr\u00e9cises du corps.<\/p>\n                        <\/div>\n                        <!-- end services-content --> \n                      <\/div>\n                      <!-- end left-box --> \n                    <\/li>   \n\t\t\t\t\t\n                  <\/ul>\n                  <!-- end services-list --> \n                <\/div>\n                <!-- end left-features-service --> \n              <\/div>\n              <!--  end col-md-3 --> \n              \n              <!-- feature image -->\n\t\t\t  \n              <div class=\"col-md-4 col-sm-4 col-xs-12 hidden-sm\">\n                <div class=\"main-img\">\n                 <img width=\"1920\" height=\"2560\" src=\"https:\/\/reflexologie-keller.fr\/wp-content\/uploads\/2022\/05\/IMG_20220506_144233-scaled.jpg\" class=\"img-responsive attachment-full\" alt=\"\" loading=\"lazy\" srcset=\"https:\/\/reflexologie-keller.fr\/wp-content\/uploads\/2022\/05\/IMG_20220506_144233-scaled.jpg 1920w, https:\/\/reflexologie-keller.fr\/wp-content\/uploads\/2022\/05\/IMG_20220506_144233-225x300.jpg 225w, https:\/\/reflexologie-keller.fr\/wp-content\/uploads\/2022\/05\/IMG_20220506_144233-768x1024.jpg 768w, https:\/\/reflexologie-keller.fr\/wp-content\/uploads\/2022\/05\/IMG_20220506_144233-1152x1536.jpg 1152w, https:\/\/reflexologie-keller.fr\/wp-content\/uploads\/2022\/05\/IMG_20220506_144233-1536x2048.jpg 1536w\" sizes=\"(max-width: 1920px) 100vw, 1920px\" \/>\n                <\/div>\n                <!-- end features-services-img --> \n              <\/div>\n\t\t\t  \n              <!-- end col-md-4 -->\n              \n              \n        <div class=\"col-md-4 col-sm-6 col-xs-12 without-padding\">\n\t\t\n                <div class=\"right-services\">\n                  <ul class=\"services-list\">\n                    \n                    <!-- feature -->\n                    <li>\n                      <div class=\"right-box\"> \n\t\t\t\t\t\t\n\t\t\t\t\t<a class=\"iconbox\" href=\"#\"><i class=\"flaticon-spa\"><\/i><\/a>\n\t\t\t\t\n\t\t\t\t\t   <div class=\"services-content\">\n                          <h4>Docteur William Fitzgerald<\/h4>\n                          <p>fondateur de la r\u00e9flexologie plantaire. Partant de ce constat, il \u00e9tablit le concept de la th\u00e9orie des zones d\u00eetes \u201czones r\u00e9flexes\u201d et divise le corps en dix zones<\/p>\n                        <\/div>\n                      <\/div>\n                    <\/li>\n                    \n                    <!-- feature -->\n                    <li>\n                      <div class=\"right-box\"> \n\t\t\t\t\t  \n\t\t\t\t\t<a class=\"iconbox\" href=\"#\"><i class=\"flaticon-spa\"><\/i><\/a>\n\t\t\t\t\n                        <div class=\"services-content\">\n                          <h4>Madame Eunice Ingham<\/h4>\n                          <p>fondatrice de cette discipline, qui \u00e9tablira la carte des zones r\u00e9flexes sur les pieds. Elle m\u00e8nera de nombreuses recherches et se concentrera \u00e0 d\u00e9velopper sa th\u00e9orie des zones\u2026<\/p>\n                        <\/div>\n                      <\/div>\n                    <\/li>\n                    \n                    <!-- feature -->\n\t\t\t\t\t\n                  <\/ul>\n                  <!-- end services-list --> \n                  \n                <\/div>\n                <!-- end right-features-service --> \n              <\/div>\n              <!-- end col-md-3 --> \n            <\/div>\n            <!-- end row --> \n          <\/div>\n          <!-- end features-service --> \n        <\/div>\n        <!-- end col-md-12 --> \n      <\/div>\n      <!-- end row --> \n    <\/div>\n    <!-- end container --> \n    \n  <\/section>[\/vc_column][\/vc_row][vc_row][vc_column]<section class=\"padding-top-120\">\n    <div class=\"container\">\n\t\n      <div class=\"section-title\"> <strong>Les bienfaits de la r\u00e9flexologie plantaire<\/strong>\n        <h1 class=\"heading bold\"><\/h1>\n        <hr>\n        <p><\/p>\n      <\/div>\n\t  \n      <div class=\"row\">\n        <div class=\"col-md-12\">\n            <div class=\"row\">\n            <div class=\"services-area padding-top-30\">\n\t\t\t\n        <div class=\"col-md-4 col-sm-6 col-xs-12 without-padding\">\n\t\t              \n                <div class=\"services-left\">\n                  <ul class=\"services-list\">\n                    <!-- feature -->\n                    <li>\n                      <div class=\"left-box\">\n                      \n\t\t\t\t\t<a class=\"iconbox\" href=\"#\"><i class=\"flaticon-spa\"><\/i><\/a>\n\t\t\t\t\n                        <div class=\"services-content\">\n                          <h4>Fatigue, stress, anxiet\u00e9<\/h4>\n                          <p><\/p>\n                        <\/div>\n                        <!-- end services-content --> \n                      <\/div>\n                      <!-- end left-box --> \n                    <\/li>\n                    \n                    <!-- feature -->\n                    <li>\n                      <div class=\"left-box\">\n                       \n\t\t\t\t\t<a class=\"iconbox\" href=\"#\"><i class=\"flaticon-spa\"><\/i><\/a>\n\t\t\t\t\n                        <div class=\"services-content\">\n                          <h4>Migraine, c\u00e9phal\u00e9e<\/h4>\n                          <p><\/p>\n                        <\/div>\n                        <!-- end services-content --> \n                      <\/div>\n                      <!-- end left-box --> \n                    <\/li>\n                    \n                    <!-- feature -->\n\t\t\t\t\t\n                    <li>\n                      <div  class=\"left-box\">\n                       \n\t\t\t\t\t<a class=\"iconbox\" href=\"#\"><i class=\"flaticon-spa\"><\/i><\/a>\n\t\t\t\t\n                        <div class=\"services-content\">\n                          <h4>Douleur articulaire ou musculaire<\/h4>\n                          <p><\/p>\n                        <\/div>\n                        <!-- end services-content --> \n                      <\/div>\n                      <!-- end left-box --> \n                    <\/li>   \n\t\t\t\t\t\n\t\t\t\t\t<li>\n                      <div  class=\"left-box\">\n                       \n\t\t\t\t\t<a class=\"iconbox\" href=\"#\"><i class=\"flaticon-spa\"><\/i><\/a>\n\t\t\t\t\n                        <div class=\"services-content\">\n                          <h4>Trouble du sommeil, insomnie<\/h4>\n                          <p><\/p>\n                        <\/div>\n                        <!-- end services-content --> \n                      <\/div>\n                      <!-- end left-box --> \n                    <\/li>\n\t\t\t\t\t\n                  <\/ul>\n                  <!-- end services-list --> \n                <\/div>\n                <!-- end left-features-service --> \n              <\/div>\n              <!--  end col-md-3 --> \n              \n              <!-- feature image -->\n\t\t\t  \n              <div class=\"col-md-4 col-sm-4 col-xs-12 hidden-sm\">\n                <div class=\"main-img\">\n                 <img width=\"1920\" height=\"2560\" src=\"https:\/\/reflexologie-keller.fr\/wp-content\/uploads\/2022\/05\/IMG_20220506_144240-scaled.jpg\" class=\"img-responsive attachment-full\" alt=\"\" loading=\"lazy\" srcset=\"https:\/\/reflexologie-keller.fr\/wp-content\/uploads\/2022\/05\/IMG_20220506_144240-scaled.jpg 1920w, https:\/\/reflexologie-keller.fr\/wp-content\/uploads\/2022\/05\/IMG_20220506_144240-225x300.jpg 225w, https:\/\/reflexologie-keller.fr\/wp-content\/uploads\/2022\/05\/IMG_20220506_144240-768x1024.jpg 768w, https:\/\/reflexologie-keller.fr\/wp-content\/uploads\/2022\/05\/IMG_20220506_144240-1152x1536.jpg 1152w, https:\/\/reflexologie-keller.fr\/wp-content\/uploads\/2022\/05\/IMG_20220506_144240-1536x2048.jpg 1536w\" sizes=\"(max-width: 1920px) 100vw, 1920px\" \/>\n                <\/div>\n                <!-- end features-services-img --> \n              <\/div>\n\t\t\t  \n              <!-- end col-md-4 -->\n              \n              \n        <div class=\"col-md-4 col-sm-6 col-xs-12 without-padding\">\n\t\t\n                <div class=\"right-services\">\n                  <ul class=\"services-list\">\n                    \n                    <!-- feature -->\n                    <li>\n                      <div class=\"right-box\"> \n\t\t\t\t\t\t\n\t\t\t\t\t<a class=\"iconbox\" href=\"#\"><i class=\"flaticon-spa\"><\/i><\/a>\n\t\t\t\t\n\t\t\t\t\t   <div class=\"services-content\">\n                          <h4>Trouble digestif<\/h4>\n                          <p><\/p>\n                        <\/div>\n                      <\/div>\n                    <\/li>\n                    \n                    <!-- feature -->\n                    <li>\n                      <div class=\"right-box\"> \n\t\t\t\t\t  \n\t\t\t\t\t<a class=\"iconbox\" href=\"#\"><i class=\"flaticon-spa\"><\/i><\/a>\n\t\t\t\t\n                        <div class=\"services-content\">\n                          <h4>Trouble de la circulation sanguine ou lymphatique<\/h4>\n                          <p><\/p>\n                        <\/div>\n                      <\/div>\n                    <\/li>\n                    \n                    <!-- feature -->\n\t\t\t\t\t\n                    <li>\n                      <div class=\"right-box\"> \n\t\t\t\t\t  \n\t\t\t\t\t<a class=\"iconbox\" href=\"#\"><i class=\"flaticon-spa\"><\/i><\/a>\n\t\t\t\t\n                        <div class=\"services-content\">\n                          <h4>Aide \u00e0 renforcer le syst\u00e8me immunitaire<\/h4>\n                          <p><\/p>\n                        <\/div>\n                      <\/div>\n                    <\/li>\n\t\t\t\t\t\n                  <\/ul>\n                  <!-- end services-list --> \n                  \n                <\/div>\n                <!-- end right-features-service --> \n              <\/div>\n              <!-- end col-md-3 --> \n            <\/div>\n            <!-- end row --> \n          <\/div>\n          <!-- end features-service --> \n        <\/div>\n        <!-- end col-md-12 --> \n      <\/div>\n      <!-- end row --> \n    <\/div>\n    <!-- end container --> \n    \n  <\/section>[\/vc_column][\/vc_row][vc_row][vc_column][vc_empty_space][\/vc_column][\/vc_row]<\/p>\n","protected":false},"excerpt":{"rendered":"<p>[vc_row full_width=\u00a0\u00bbstretch_row_content_no_spaces\u00a0\u00bb][vc_column][\/vc_column][\/vc_row][vc_row][vc_column][\/vc_column][\/vc_row][vc_row][vc_column][\/vc_column][\/vc_row][vc_row][vc_column][vc_empty_space][\/vc_column][\/vc_row]<\/p>\n","protected":false},"author":2,"featured_media":0,"parent":0,"menu_order":0,"comment_status":"closed","ping_status":"closed","template":"page-vc.php","meta":{"_mi_skip_tracking":false},"_links":{"self":[{"href":"https:\/\/reflexologie-keller.fr\/index.php?rest_route=\/wp\/v2\/pages\/215"}],"collection":[{"href":"https:\/\/reflexologie-keller.fr\/index.php?rest_route=\/wp\/v2\/pages"}],"about":[{"href":"https:\/\/reflexologie-keller.fr\/index.php?rest_route=\/wp\/v2\/types\/page"}],"author":[{"embeddable":true,"href":"https:\/\/reflexologie-keller.fr\/index.php?rest_route=\/wp\/v2\/users\/2"}],"replies":[{"embeddable":true,"href":"https:\/\/reflexologie-keller.fr\/index.php?rest_route=%2Fwp%2Fv2%2Fcomments&post=215"}],"version-history":[{"count":9,"href":"https:\/\/reflexologie-keller.fr\/index.php?rest_route=\/wp\/v2\/pages\/215\/revisions"}],"predecessor-version":[{"id":529,"href":"https:\/\/reflexologie-keller.fr\/index.php?rest_route=\/wp\/v2\/pages\/215\/revisions\/529"}],"wp:attachment":[{"href":"https:\/\/reflexologie-keller.fr\/index.php?rest_route=%2Fwp%2Fv2%2Fmedia&parent=215"}],"curies":[{"name":"wp","href":"https:\/\/api.w.org\/{rel}","templated":true}]}}