{"id":165,"date":"2016-12-23T16:58:05","date_gmt":"2016-12-23T16:58:05","guid":{"rendered":"https:\/\/fluentthemes.com\/wp\/depilex\/?page_id=165"},"modified":"2022-05-12T15:24:56","modified_gmt":"2022-05-12T13:24:56","slug":"home-spa","status":"publish","type":"page","link":"https:\/\/reflexologie-keller.fr\/","title":{"rendered":"ACCUEIL"},"content":{"rendered":"<p>[vc_row full_width=\u00a0\u00bbstretch_row_content_no_spaces\u00a0\u00bb][vc_column]\n\t\t\t<!-- START Slider 1 REVOLUTION SLIDER 6.4.6 --><p class=\"rs-p-wp-fix\"><\/p>\n\t\t\t<rs-module-wrap id=\"rev_slider_1_1_wrapper\" data-source=\"gallery\" style=\"background:transparent;padding:0;margin:0px auto;margin-top:0;margin-bottom:0;\">\n\t\t\t\t<rs-module id=\"rev_slider_1_1\" style=\"\" data-version=\"6.4.6\">\n\t\t\t\t\t<rs-slides>\n\t\t\t\t\t\t<rs-slide data-key=\"rs-1\" data-title=\"Slide\" data-in=\"o:0;\" data-out=\"a:false;\">\n\t\t\t\t\t\t\t<img src=\"\/\/reflexologie-keller.fr\/wp-content\/uploads\/2021\/03\/SLIDER-2.png\" title=\"SLIDER-2\" width=\"1052\" height=\"372\" class=\"rev-slidebg tp-rs-img\" data-no-retina>\n<!---->\t\t\t\t\t\t<\/rs-slide>\n\t\t\t\t\t<\/rs-slides>\n\t\t\t\t<\/rs-module>\n\t\t\t\t<script type=\"text\/javascript\">\n\t\t\t\t\tsetREVStartSize({c: 'rev_slider_1_1',rl:[1240,1024,778,480],el:[600,768,960,720],gw:[1240,1024,778,480],gh:[600,768,960,720],type:'standard',justify:'',layout:'fullwidth',mh:\"0\"});\n\t\t\t\t\tvar\trevapi1,\n\t\t\t\t\t\ttpj;\n\t\t\t\t\tfunction revinit_revslider11() {\n\t\t\t\t\tjQuery(function() {\n\t\t\t\t\t\ttpj = jQuery;\n\t\t\t\t\t\trevapi1 = tpj(\"#rev_slider_1_1\");\n\t\t\t\t\t\tif(revapi1==undefined || revapi1.revolution == undefined){\n\t\t\t\t\t\t\trevslider_showDoubleJqueryError(\"rev_slider_1_1\");\n\t\t\t\t\t\t}else{\n\t\t\t\t\t\t\trevapi1.revolution({\n\t\t\t\t\t\t\t\tDPR:\"dpr\",\n\t\t\t\t\t\t\t\tsliderLayout:\"fullwidth\",\n\t\t\t\t\t\t\t\tvisibilityLevels:\"1240,1024,778,480\",\n\t\t\t\t\t\t\t\tgridwidth:\"1240,1024,778,480\",\n\t\t\t\t\t\t\t\tgridheight:\"600,768,960,720\",\n\t\t\t\t\t\t\t\tperspective:600,\n\t\t\t\t\t\t\t\tperspectiveType:\"global\",\n\t\t\t\t\t\t\t\teditorheight:\"600,768,960,720\",\n\t\t\t\t\t\t\t\tresponsiveLevels:\"1240,1024,778,480\",\n\t\t\t\t\t\t\t\tprogressBar:{disableProgressBar:true},\n\t\t\t\t\t\t\t\tnavigation: {\n\t\t\t\t\t\t\t\t\tonHoverStop:false\n\t\t\t\t\t\t\t\t},\n\t\t\t\t\t\t\t\tfallbacks: {\n\t\t\t\t\t\t\t\t\tallowHTML5AutoPlayOnAndroid:true\n\t\t\t\t\t\t\t\t},\n\t\t\t\t\t\t\t});\n\t\t\t\t\t\t}\n\t\t\t\t\t\t\n\t\t\t\t\t});\n\t\t\t\t\t} \/\/ End of RevInitScript\n\t\t\t\tvar once_revslider11 = false;\n\t\t\t\tif (document.readyState === \"loading\") {document.addEventListener('readystatechange',function() { if((document.readyState === \"interactive\" || document.readyState === \"complete\") && !once_revslider11 ) { once_revslider11 = true; revinit_revslider11();}});} else {once_revslider11 = true; revinit_revslider11();}\n\t\t\t\t<\/script>\n\t\t\t<\/rs-module-wrap>\n\t\t\t<!-- END REVOLUTION SLIDER -->\n[\/vc_column][\/vc_row][vc_row][vc_column][vc_empty_space height=\u00a0\u00bb50px\u00a0\u00bb][vc_column_text]<\/p>\n<h1 style=\"text-align: center;\"><strong>Le bien-\u00eatre par le toucher<\/strong><\/h1>\n<p>[\/vc_column_text][vc_empty_space height=\u00a0\u00bb20px\u00a0\u00bb][vc_separator color=\u00a0\u00bbchino\u00a0\u00bb border_width=\u00a0\u00bb2&Prime; el_width=\u00a0\u00bb60&Prime;][vc_empty_space][\/vc_column][\/vc_row][vc_row][vc_column width=\u00a0\u00bb1\/2&Prime;][vc_empty_space height=\u00a0\u00bb50px\u00a0\u00bb][vc_single_image image=\u00a0\u00bb442&Prime; img_size=\u00a0\u00bbfull\u00a0\u00bb alignment=\u00a0\u00bbcenter\u00a0\u00bb][\/vc_column][vc_column width=\u00a0\u00bb1\/2&Prime;][vc_column_text]<\/p>\n<div class=\"choose-title\">\n<h2><strong>LES S\u00c9ANCES DE R\u00c9FLEXOLOGIE<\/strong><\/h2>\n<p>&nbsp;<\/p>\n<\/div>\n<div class=\"choose-services\">\n<div class=\"choose-box\">\n<h3><strong><a style=\"font-family: inherit; font-size: 18px; background-color: #ffffff;\" href=\"https:\/\/reflexologie-keller.fr\/\">PRISE DE CONTACT<\/a><\/strong><\/h3>\n<div class=\"choose-box-content\">\n<p>Confortablement install\u00e9s, nous \u00e9changeons en toute confidencialit\u00e9 afin de comprendre vos attentes et d\u00e9finir le protocole le mieux adapt\u00e9.<\/p>\n<\/div>\n<\/div>\n<div class=\"choose-box\">\n<h3><strong><a style=\"font-family: inherit; font-size: 18px; background-color: #ffffff;\" href=\"https:\/\/reflexologie-keller.fr\/\">PHASE ACTIVE AU TALC<\/a><\/strong><\/h3>\n<div class=\"choose-box-content\">\n<p>La phase active dure une vingtaine de minutes, elle est interactive. Les r\u00e9actions et les \u00e9changes sont importants pour le r\u00e9flexologue car ils sont une source d\u2019informations<\/p>\n<\/div>\n<\/div>\n<div class=\"choose-box\">\n<h3><strong><a style=\"font-family: inherit; font-size: 18px; background-color: #ffffff;\" href=\"https:\/\/reflexologie-keller.fr\/\">PHASE DE DRAINAGE \u00c0 L\u2019HUILE<\/a><\/strong><\/h3>\n<div class=\"choose-box-content\">\n<p>Le drainage permet d\u2019\u00e9liminer toutes les toxines qui ont \u00e9t\u00e9 d\u00e9croch\u00e9es lors de la phase active, afin d&rsquo;\u00eatre \u00e9limin\u00e9es naturellement par l\u2019organisme<\/p>\n<\/div>\n<\/div>\n<div class=\"choose-box\">\n<h3><strong><a style=\"font-family: inherit; font-size: 18px; background-color: #ffffff;\" href=\"https:\/\/reflexologie-keller.fr\/\">LA D\u00c9TENTE<\/a><\/strong><\/h3>\n<div class=\"choose-box-content\">\n<p>A l\u2019huile et avec des mouvements enveloppants et doux, c\u2019est un moment d\u2019\u00e9change, de d\u00e9tente et de partage entre la personne et le praticien.<\/p>\n<\/div>\n<\/div>\n<\/div>\n<p>[\/vc_column_text][\/vc_column][\/vc_row][vc_row][vc_column]<section id=\"hot-services\" class=\"section-padding\">\n    <div class=\"container\">\n      <div class=\"section-title\"> <strong><\/strong>\n        <h1 class=\"heading bold\">Mes soins<\/h1>\n        <hr>\n        <p><\/p>\n      <\/div>\n      <div class=\"service-tab padding-top-30\"> \n        <!-- Nav tabs -->\n        <ul class=\"nav nav-tabs\" role=\"tablist\">\n\t\t  \n          <li class=\"active col-xs-3\"> <a href=\"#spa-mineral-stones1\" role=\"tab\" data-toggle=\"tab\"><i class=\"flaticon-spa-mineral-stones\"><\/i> <span>R\u00e9flexologie plantaire<\/span> <\/a> <\/li>\n          \n\t\t  <li class=\"col-xs-3\"> <a href=\"#spa-bottle-of-glass-with-massage-oil-of-aromatherapy-for-spa3\" role=\"tab\" data-toggle=\"tab\"> <i class=\"flaticon-spa-bottle-of-glass-with-massage-oil-of-aromatherapy-for-spa\"><\/i> <span>Massage des 5 continents<\/span> <\/a> <\/li>\n          \n        <\/ul>\n        <!-- Tab panes -->\n        <div class=\"tab-content\"> \n          <!-- tab content for web design -->\n\t\t  \n          <div class=\"row tab-pane fade in active\" id=\"spa-mineral-stones1\">\n            <div class=\"col-sm-6\">\n              <p>Th\u00e9rapie manuelle pratiqu\u00e9e sur des zones r\u00e9flexes repr\u00e9sentant les organes et les diff\u00e9rentes parties du corps. Cette m\u00e9thode permet par une pression sur un point r\u00e9flexe pr\u00e9cis, de relancer le courant \u00e9nerg\u00e9tique, de stimuler ou de d\u00e9tendre l\u2019organe correspondant. Nos deux pieds sont \u00e0 l\u2019image de notre corps.<br \/>\nIl ne s\u2019agit pas d\u2019un massage bien-\u00eatre mais d\u2019un massage th\u00e9rapeutique.<\/p>\n              <br>\n              \n\t\t\t<\/div>\n\t\t\t\n            <div class=\"col-sm-6 hidden-xs\"> <img width=\"849\" height=\"500\" src=\"https:\/\/reflexologie-keller.fr\/wp-content\/uploads\/2016\/12\/stones-oil-1.png\" class=\"img-responsive attachment-full\" alt=\"\" loading=\"lazy\" srcset=\"https:\/\/reflexologie-keller.fr\/wp-content\/uploads\/2016\/12\/stones-oil-1.png 849w, https:\/\/reflexologie-keller.fr\/wp-content\/uploads\/2016\/12\/stones-oil-1-300x177.png 300w, https:\/\/reflexologie-keller.fr\/wp-content\/uploads\/2016\/12\/stones-oil-1-768x452.png 768w\" sizes=\"(max-width: 849px) 100vw, 849px\" \/> <\/div>\n\t\t\t\n          <\/div>\n          \n          <!-- tab content for game design -->\n          <div class=\"row tab-pane fade\" id=\"spa-bottle-of-glass-with-massage-oil-of-aromatherapy-for-spa3\">\n            <div class=\"col-sm-6\">\n              <p>Les meilleures techniques de massage au monde (Lomi\/Lomi, Californien, Su\u00e9dois, Ayurv\u00e9dique et le Tuina), associ\u00e9es \u00e0 de puissantes synergies d'huiles essentielles.<br \/>\nLe massage des 5 continents est un massage qui agit sur le bien-\u00eatre physique et psychique de la personne,<\/p>\n<p>70 \u20ac<\/p>\n              <br>\n              \n\t\t\t<\/div>\n            \n            <div class=\"col-sm-6 hidden-xs\"> <img width=\"1000\" height=\"662\" src=\"https:\/\/reflexologie-keller.fr\/wp-content\/uploads\/2016\/12\/stones-oiling-1.png\" class=\"img-responsive attachment-full\" alt=\"\" loading=\"lazy\" srcset=\"https:\/\/reflexologie-keller.fr\/wp-content\/uploads\/2016\/12\/stones-oiling-1.png 1000w, https:\/\/reflexologie-keller.fr\/wp-content\/uploads\/2016\/12\/stones-oiling-1-300x199.png 300w, https:\/\/reflexologie-keller.fr\/wp-content\/uploads\/2016\/12\/stones-oiling-1-768x508.png 768w\" sizes=\"(max-width: 1000px) 100vw, 1000px\" \/> <\/div>\n\t\t\t\n          <\/div>\n          \n        <\/div>\n        <!-- \/.tab-content --> \n      <\/div>\n      <!-- \/.service-tab --> \n    <\/div>\n    <!-- \/.container --> \n  <\/section>[\/vc_column][\/vc_row][vc_row top_padding=\u00a0\u00bb120px\u00a0\u00bb][vc_column]<div class=\"section-title\"> <strong>CECILE KELLER<\/strong>\n\t\t\t\t  <h1 class=\"heading bold\">R\u00e9flexologue<\/h1>\n\t\t\t\t  <hr>\n\t\t\t\t  <p>J\u2019ai int\u00e9gr\u00e9 l\u2019Ecole ERVE (Ecole de R\u00e9flexologie et de Vecteurs Energ\u00e9tiques) il y a 2 ans, \u00e0 l\u2019issue desquelles j\u2019ai obtenu mon dipl\u00f4me.<\/p>\n<p>Il suffit juste d\u2019\u00e9couter sa petite voix int\u00e9rieure et de se faire confiance\u2026<\/p>\n<p>Je vous re\u00e7ois \u00e0 mon domicile o\u00f9 une pi\u00e8ce apaisante vous est d\u00e9di\u00e9e pour \u00eatre dans les meilleures conditions possibles.<\/p>\n\t\t\t  <\/div>[\/vc_column][\/vc_row][vc_row full_width=\u00a0\u00bbstretch_row\u00a0\u00bb top_padding=\u00a0\u00bb120px\u00a0\u00bb bottom_padding=\u00a0\u00bb30px\u00a0\u00bb][vc_column]<div class=\"section-title\"> <strong>Tarifs<\/strong>\n\t\t\t\t  <h1 class=\"heading bold\"><\/h1>\n\t\t\t\t  <hr>\n\t\t\t\t  <p>Les s\u00e9ances de r\u00e9flexologie plantaire peuvent \u00eatre prises en charge. Renseignez-vous aupr\u00e8s de votre compl\u00e9mentaire sant\u00e9.<\/p>\n<p>Possibilit\u00e9 d\u2019offrir une carte cadeau.<br \/>\n(valable 1 an)<\/p>\n<p>Un suppl\u00e9ment de 5 \u20ac vous sera demander pour les soins \u00e0 domicile, dans un rayon de 15 kilom\u00e8tres.<\/p>\n\t\t\t  <\/div>[\/vc_column][\/vc_row][vc_row full_width=\u00a0\u00bbstretch_row\u00a0\u00bb bottom_padding=\u00a0\u00bb100px\u00a0\u00bb css=\u00a0\u00bb.vc_custom_1482517256956{background-color: #f5f5f5 !important;}\u00a0\u00bb][vc_column width=\u00a0\u00bb1\/3&Prime;]<div class=\"pricing-grid\"> <strong class=\"heading\">Adultes et Adolescents<\/strong> <img width=\"626\" height=\"417\" src=\"https:\/\/reflexologie-keller.fr\/wp-content\/uploads\/2021\/04\/mujer-que-recibe-servicio-masaje-pies-masajista-cerca-mano-pie-relajese-concepto-servicio-terapia-masaje-pies_1150-13723.jpg\" class=\"img-responsive attachment-full\" alt=\"\" loading=\"lazy\" srcset=\"https:\/\/reflexologie-keller.fr\/wp-content\/uploads\/2021\/04\/mujer-que-recibe-servicio-masaje-pies-masajista-cerca-mano-pie-relajese-concepto-servicio-terapia-masaje-pies_1150-13723.jpg 626w, https:\/\/reflexologie-keller.fr\/wp-content\/uploads\/2021\/04\/mujer-que-recibe-servicio-masaje-pies-masajista-cerca-mano-pie-relajese-concepto-servicio-terapia-masaje-pies_1150-13723-300x200.jpg 300w\" sizes=\"(max-width: 626px) 100vw, 626px\" \/> <span class=\"price\" style=\"margin-bottom:20px;\"><sup><\/sup> 50 \u20ac<\/span> <ul class=\"list-unstyled price-list\"><li>S\u00e9ance d\u2019environ 45 minutes<\/li><\/ul>\n\t\t\t  \n            <\/div>[\/vc_column][vc_column width=\u00a0\u00bb1\/3&Prime;]<div class=\"pricing-grid\"> <strong class=\"heading\">Enfants de 3 \u00e0 12 ans<\/strong> <img width=\"960\" height=\"640\" src=\"https:\/\/reflexologie-keller.fr\/wp-content\/uploads\/2021\/04\/prod_masaje_pies.jpg\" class=\"img-responsive attachment-full\" alt=\"\" loading=\"lazy\" srcset=\"https:\/\/reflexologie-keller.fr\/wp-content\/uploads\/2021\/04\/prod_masaje_pies.jpg 960w, https:\/\/reflexologie-keller.fr\/wp-content\/uploads\/2021\/04\/prod_masaje_pies-300x200.jpg 300w, https:\/\/reflexologie-keller.fr\/wp-content\/uploads\/2021\/04\/prod_masaje_pies-768x512.jpg 768w\" sizes=\"(max-width: 960px) 100vw, 960px\" \/> <span class=\"price\" style=\"margin-bottom:20px;\"><sup><\/sup> 30 \u20ac<\/span> <ul class=\"list-unstyled price-list\"><li>S\u00e9ance d\u2019environ 30 minutes<\/li><\/ul>\n\t\t\t  \n            <\/div>[\/vc_column][vc_column width=\u00a0\u00bb1\/3&Prime;]<div class=\"pricing-grid\"> <strong class=\"heading\">Nourrissons<\/strong> <img width=\"960\" height=\"640\" src=\"https:\/\/reflexologie-keller.fr\/wp-content\/uploads\/2021\/05\/photo-1470843810958-2da815d0e041-3333.jpg\" class=\"img-responsive attachment-full\" alt=\"\" loading=\"lazy\" srcset=\"https:\/\/reflexologie-keller.fr\/wp-content\/uploads\/2021\/05\/photo-1470843810958-2da815d0e041-3333.jpg 960w, https:\/\/reflexologie-keller.fr\/wp-content\/uploads\/2021\/05\/photo-1470843810958-2da815d0e041-3333-300x200.jpg 300w, https:\/\/reflexologie-keller.fr\/wp-content\/uploads\/2021\/05\/photo-1470843810958-2da815d0e041-3333-768x512.jpg 768w\" sizes=\"(max-width: 960px) 100vw, 960px\" \/> <span class=\"price\" style=\"margin-bottom:20px;\"><sup><\/sup> 20 \u20ac<\/span> <ul class=\"list-unstyled price-list\"><li>S\u00e9ance d\u2019environ 15 mn<\/li><\/ul>\n\t\t\t  \n            <\/div>[\/vc_column][\/vc_row][vc_row full_width=\u00a0\u00bbstretch_row_content_no_spaces\u00a0\u00bb][vc_column]<section style=\"background: rgba(0, 0, 0, 0) url(https:\/\/reflexologie-keller.fr\/wp-content\/uploads\/2021\/04\/photo-1515377905703-c4788e51af15.jpg) no-repeat scroll center top \/ cover ;\" class=\"section-padding parallex working-hours\" data-stellar-background-ratio=\"0.1\">\n    <div class=\"container\">\n      <div class=\"section-title-left white\"> <strong>HORAIRES D&#039;OUVERTURE<\/strong>\n        <h1 class=\"heading bold white\">CONTACTEZ MOI<\/h1>\n        <hr class=\"white\">\n        <p class=\"white\"><\/p>\n      <\/div>\n      <div class=\"row\">\n        <div class=\"working-area  padding-top-30\">\n          <div class=\"col-md-8\">\n            <div class=\"row\">\n\t\t\t\n              <div class=\"col-md-4\">\n                <div class=\"opening-hour-grid\">\n                  <h4>LUNDI<\/h4>\n                  <span>08h00 \u00e0 17h00<\/span> <\/div>\n              <\/div>\n\t\t\t  \n              <div class=\"col-md-4\">\n                <div class=\"opening-hour-grid\">\n                  <h4>MARDI<\/h4>\n                  <span>08h00 \u00e0 17h00<\/span> <\/div>\n              <\/div>\n\t\t\t  \n              <div class=\"col-md-4\">\n                <div class=\"opening-hour-grid\">\n                  <h4>MERCREDI<\/h4>\n                  <span>08h00 \u00e0 12h00<\/span> <\/div>\n              <\/div>\n\t\t\t  \n              <div class=\"col-md-4\">\n                <div class=\"opening-hour-grid\">\n                  <h4>JEUDI<\/h4>\n                  <span>08h00 \u00e0 17h00<\/span> <\/div>\n              <\/div>\n\t\t\t  \n              <div class=\"col-md-4\">\n                <div class=\"opening-hour-grid\">\n                  <h4>VENDREDI<\/h4>\n                  <span>08h00 \u00e0 17h00<\/span> <\/div>\n              <\/div>\n\t\t\t  \n            <\/div>\n          <\/div>\n          <!-- End col-md-6 -->\n\t\t  \n          <div  class=\"col-md-4\">\n            <h3><\/h3>\n            <p><\/p>\n          <\/div>\n\t\t  \n          <!-- End col-md-6 --> \n        <\/div>\n      <\/div>\n      <!-- End row --> \n    <\/div>\n  <\/section>[\/vc_column][\/vc_row]<\/p>\n","protected":false},"excerpt":{"rendered":"<p>[vc_row full_width=\u00a0\u00bbstretch_row_content_no_spaces\u00a0\u00bb][vc_column][\/vc_column][\/vc_row][vc_row][vc_column][vc_empty_space height=\u00a0\u00bb50px\u00a0\u00bb][vc_column_text] Le bien-\u00eatre par le toucher [\/vc_column_text][vc_empty_space height=\u00a0\u00bb20px\u00a0\u00bb][vc_separator color=\u00a0\u00bbchino\u00a0\u00bb border_width=\u00a0\u00bb2&Prime; el_width=\u00a0\u00bb60&Prime;][vc_empty_space][\/vc_column][\/vc_row][vc_row][vc_column width=\u00a0\u00bb1\/2&Prime;][vc_empty_space height=\u00a0\u00bb50px\u00a0\u00bb][vc_single_image image=\u00a0\u00bb442&Prime; img_size=\u00a0\u00bbfull\u00a0\u00bb alignment=\u00a0\u00bbcenter\u00a0\u00bb][\/vc_column][vc_column width=\u00a0\u00bb1\/2&Prime;][vc_column_text] LES S\u00c9ANCES DE R\u00c9FLEXOLOGIE &nbsp; PRISE DE CONTACT Confortablement install\u00e9s, nous \u00e9changeons en toute confidencialit\u00e9 afin de comprendre vos attentes et d\u00e9finir le protocole le mieux adapt\u00e9. PHASE ACTIVE AU TALC La phase active dure une vingtaine de minutes, elle est interactive. Les r\u00e9actions et les [&hellip;]<\/p>\n","protected":false},"author":2,"featured_media":0,"parent":0,"menu_order":0,"comment_status":"closed","ping_status":"closed","template":"page-vc.php","meta":{"_mi_skip_tracking":false},"_links":{"self":[{"href":"https:\/\/reflexologie-keller.fr\/index.php?rest_route=\/wp\/v2\/pages\/165"}],"collection":[{"href":"https:\/\/reflexologie-keller.fr\/index.php?rest_route=\/wp\/v2\/pages"}],"about":[{"href":"https:\/\/reflexologie-keller.fr\/index.php?rest_route=\/wp\/v2\/types\/page"}],"author":[{"embeddable":true,"href":"https:\/\/reflexologie-keller.fr\/index.php?rest_route=\/wp\/v2\/users\/2"}],"replies":[{"embeddable":true,"href":"https:\/\/reflexologie-keller.fr\/index.php?rest_route=%2Fwp%2Fv2%2Fcomments&post=165"}],"version-history":[{"count":37,"href":"https:\/\/reflexologie-keller.fr\/index.php?rest_route=\/wp\/v2\/pages\/165\/revisions"}],"predecessor-version":[{"id":535,"href":"https:\/\/reflexologie-keller.fr\/index.php?rest_route=\/wp\/v2\/pages\/165\/revisions\/535"}],"wp:attachment":[{"href":"https:\/\/reflexologie-keller.fr\/index.php?rest_route=%2Fwp%2Fv2%2Fmedia&parent=165"}],"curies":[{"name":"wp","href":"https:\/\/api.w.org\/{rel}","templated":true}]}}